{"id":48,"date":"2024-05-29T07:23:24","date_gmt":"2024-05-29T07:23:24","guid":{"rendered":"https:\/\/minka.es\/2024\/?page_id=48"},"modified":"2024-06-04T07:08:08","modified_gmt":"2024-06-04T07:08:08","slug":"daniel-barrio","status":"publish","type":"page","link":"https:\/\/minka.es\/2024\/daniel-barrio\/","title":{"rendered":"Daniel Barrio"},"content":{"rendered":"<p>[et_pb_section fb_built=\u00bb1&#8243; admin_label=\u00bbFeature\u00bb _builder_version=\u00bb4.25.1&#8243; overflow-x=\u00bbhidden\u00bb overflow-y=\u00bbhidden\u00bb custom_margin=\u00bb0px||||false|false\u00bb custom_padding=\u00bb0px|||||\u00bb top_divider_style=\u00bbslant\u00bb top_divider_color=\u00bb#ffffff\u00bb top_divider_height=\u00bb6vw\u00bb top_divider_flip=\u00bbhorizontal\u00bb top_divider_arrangement=\u00bbabove_content\u00bb global_colors_info=\u00bb{}\u00bb][et_pb_row column_structure=\u00bb3_5,2_5&#8243; custom_padding_last_edited=\u00bbon|tablet\u00bb _builder_version=\u00bb4.25.1&#8243; custom_padding_tablet=\u00bb0px|0vw|0px||false|false\u00bb custom_padding_phone=\u00bb\u00bb animation_style=\u00bbfade\u00bb global_colors_info=\u00bb{}\u00bb][et_pb_column type=\u00bb3_5&#8243; _builder_version=\u00bb4.25.1&#8243; global_colors_info=\u00bb{}\u00bb][et_pb_image src=\u00bbhttps:\/\/minka.es\/2024\/wp-content\/uploads\/2024\/06\/Daniel-Barrio-Feu3.jpg\u00bb alt=\u00bbDaniel Barrio Feu\u00bb title_text=\u00bbDaniel-Barrio-Feu3&#8243; show_bottom_space=\u00bboff\u00bb admin_label=\u00bbImage\u00bb _builder_version=\u00bb4.25.1&#8243; custom_margin=\u00bb22px||||false|false\u00bb hover_enabled=\u00bb0&#8243; global_colors_info=\u00bb{}\u00bb align=\u00bbcenter\u00bb sticky_enabled=\u00bb0&#8243;][\/et_pb_image][\/et_pb_column][et_pb_column type=\u00bb2_5&#8243; _builder_version=\u00bb4.25.1&#8243; custom_padding=\u00bb16%||||false|false\u00bb custom_padding_tablet=\u00bb0%||||false|false\u00bb custom_padding_phone=\u00bb\u00bb custom_padding_last_edited=\u00bbon|phone\u00bb global_colors_info=\u00bb{}\u00bb][et_pb_text _builder_version=\u00bb4.25.1&#8243; text_text_color=\u00bb#353534&#8243; text_font_size=\u00bb20px\u00bb text_line_height=\u00bb1.8em\u00bb header_2_font=\u00bb&#8211;et_global_heading_font||||||||\u00bb header_2_text_color=\u00bb#353534&#8243; header_2_font_size=\u00bb44px\u00bb header_2_letter_spacing=\u00bb-1px\u00bb header_2_line_height=\u00bb1.1em\u00bb custom_margin=\u00bb||||false|false\u00bb custom_margin_tablet=\u00bb||||false|false\u00bb custom_margin_phone=\u00bb\u00bb custom_margin_last_edited=\u00bbon|desktop\u00bb header_2_font_size_tablet=\u00bb32px\u00bb header_2_font_size_phone=\u00bb22px\u00bb header_2_font_size_last_edited=\u00bbon|phone\u00bb global_colors_info=\u00bb{}\u00bb]<\/p>\n<h2>Daniel Barrio Feu<\/h2>\n<p style=\"text-align: left;\"><em>Arquitecto T\u00e9cnico<\/em><\/p>\n<p>[\/et_pb_text][et_pb_text _builder_version=\u00bb4.25.1&#8243; _module_preset=\u00bbdefault\u00bb global_colors_info=\u00bb{}\u00bb]<\/p>\n<div>Soy Arquitecto T\u00e9cnico y autoconstructor desde hace m\u00e1s de 20 a\u00f1os, trabajo en Minka Bioconstrucci\u00f3n en la creaci\u00f3n de proyectos de construcci\u00f3n de viviendas en los que prima la eficiencia energ\u00e9tica, la sostenibilidad y crear un ambiente sano.<span> <\/span><\/div>\n<div><\/div>\n<div><\/div>\n<div><span> <\/span><\/div>\n<p>&nbsp;<\/p>\n<p>[\/et_pb_text][\/et_pb_column][\/et_pb_row][et_pb_row _builder_version=\u00bb4.25.1&#8243; _module_preset=\u00bbdefault\u00bb animation_style=\u00bbslide\u00bb animation_direction=\u00bbbottom\u00bb global_colors_info=\u00bb{}\u00bb][et_pb_column type=\u00bb4_4&#8243; _builder_version=\u00bb4.25.1&#8243; _module_preset=\u00bbdefault\u00bb global_colors_info=\u00bb{}\u00bb][et_pb_text _builder_version=\u00bb4.25.1&#8243; _module_preset=\u00bbdefault\u00bb custom_padding=\u00bb|68px||68px|false|true\u00bb custom_padding_tablet=\u00bb|0px||0px|false|true\u00bb custom_padding_phone=\u00bb|0px||0px|false|true\u00bb custom_padding_last_edited=\u00bbon|phone\u00bb global_colors_info=\u00bb{}\u00bb]<\/p>\n<p style=\"text-align: left;\">\u00abDesde peque\u00f1o siempre me gust\u00f3 la creaci\u00f3n de espacios para vivir, me gustaba hacer caba\u00f1as, adaptar casetas sin uso, me fascinan los veh\u00edculos vivienda y jugar con la tierra como material de construcci\u00f3n.<br \/>\nMe titul\u00e9 en Arquitectura T\u00e9cnica en la universidad Polit\u00e9cnica de Madrid donde aprend\u00ed las cosas b\u00e1sicas de la profesi\u00f3n a nivel de constrcuci\u00f3n o gesti\u00f3n de obra pero no me gustaba c\u00f3mo estaban enfocados los estudios universitarios ya que no ten\u00edan apenas en cuenta la sostenibilidad, la integraci\u00f3n con la natuleza, el aprovechamiento de recursos y sobre todo lo m\u00e1s importante que la casa sea sana y las necesidades de los que la habitar\u00e1n.<br \/>\nDespu\u00e9s trabaj\u00e9 en algunas empresas donde hicimos proyectos muy grandes, la mayor\u00eda eran proyectos con decenas, a eces cientos de viviendas, o edificios p\u00fablicos como torres de oficinas o teminales de aeropuertos, pude aprender mucho de c\u00e1clculo de estructuras y a nivel pr\u00e1ctico sobre la sistematizaci\u00f3n del trabajo pero segu\u00eda viendo una falta de enfoque en los proyectos que hac\u00edamos al perder el trato con el usurio final y convertir lo construido en un producto clonado con un fin comercial.<br \/>\nActualmente donde m\u00e1s me gusta trabajar en haciendo viviendas donde el promotor puede involurarse en la creaci\u00f3n de su hogar y cuando es consciente de los recursos que gasta y las dificultades a superar.\u00bb<\/p>\n<p style=\"text-align: left;\">Empec\u00e9 a construir mi primera casa cuando ten\u00eda 20 a\u00f1os, con muy poco dinero y recursos y gracias a que dispon\u00eda de un terreno familiar, por entonces no hab\u00eda casi informaci\u00f3n disponible en internet ni en libros para gente con menos experiencia. Pienso que no hacen falta muchos conocimientos para poder hacer una casa sencilla pero s\u00ed algo de habilidad, dar con la soluci\u00f3n adecuada, ser constante y disponer de tiempo suficiente.<\/p>\n<p style=\"text-align: left;\">He trabajado en muchas obras con t\u00e9cnicas de construcci\u00f3n diferentes, por eso puedo ayudarte a elegir la soluci\u00f3n que se adapte mejor a tus necesidades, mi trabajo consiste principalmente en acompa\u00f1arte y guiarte en la elecci\u00f3n de materiales en funci\u00f3n de sus prestaciones, de su precio y en c\u00f3mo hacer su puesta en obra. Tambi\u00e9n puedo recomendarte d\u00f3nde encontrar los materiales o instaladores necesarios.<\/p>\n<p style=\"text-align: left;\">Cada vivienda es \u00fanica y personal, por eso para m\u00ed es primordial que el propietario que va a vivir en ella pueda participar desarrorando sus capacidades a la hora de promover su vivienda, ya sea a nivel de gesti\u00f3n, toma de deciciones en cuanto a sus necesidades o realizando parte de la obra, de esta manera se consigue un resultado m\u00e1s personalizado y un menor coste final. Es un camino por ser m\u00e1s personas, no s\u00f3lo un usuario que compra y por una mayor integraci\u00f3n y cuidado del medioambiente.<\/p>\n<p>[\/et_pb_text][\/et_pb_column][\/et_pb_row][\/et_pb_section]<\/p>\n","protected":false},"excerpt":{"rendered":"<p>Daniel Barrio Feu Arquitecto T\u00e9cnicoSoy Arquitecto T\u00e9cnico y autoconstructor desde hace m\u00e1s de 20 a\u00f1os, trabajo en Minka Bioconstrucci\u00f3n en la creaci\u00f3n de proyectos de construcci\u00f3n de viviendas en los que prima la eficiencia energ\u00e9tica, la sostenibilidad y crear un ambiente sano. &nbsp;\u00abDesde peque\u00f1o siempre me gust\u00f3 la creaci\u00f3n de espacios para vivir, me gustaba [&hellip;]<\/p>\n","protected":false},"author":1,"featured_media":0,"parent":0,"menu_order":0,"comment_status":"closed","ping_status":"closed","template":"","meta":{"_et_pb_use_builder":"on","_et_pb_old_content":"<!-- wp:divi\/placeholder \/-->","_et_gb_content_width":"","footnotes":""},"class_list":["post-48","page","type-page","status-publish","hentry"],"_links":{"self":[{"href":"https:\/\/minka.es\/2024\/wp-json\/wp\/v2\/pages\/48","targetHints":{"allow":["GET"]}}],"collection":[{"href":"https:\/\/minka.es\/2024\/wp-json\/wp\/v2\/pages"}],"about":[{"href":"https:\/\/minka.es\/2024\/wp-json\/wp\/v2\/types\/page"}],"author":[{"embeddable":true,"href":"https:\/\/minka.es\/2024\/wp-json\/wp\/v2\/users\/1"}],"replies":[{"embeddable":true,"href":"https:\/\/minka.es\/2024\/wp-json\/wp\/v2\/comments?post=48"}],"version-history":[{"count":28,"href":"https:\/\/minka.es\/2024\/wp-json\/wp\/v2\/pages\/48\/revisions"}],"predecessor-version":[{"id":266,"href":"https:\/\/minka.es\/2024\/wp-json\/wp\/v2\/pages\/48\/revisions\/266"}],"wp:attachment":[{"href":"https:\/\/minka.es\/2024\/wp-json\/wp\/v2\/media?parent=48"}],"curies":[{"name":"wp","href":"https:\/\/api.w.org\/{rel}","templated":true}]}}