{"id":28,"date":"2024-05-08T09:09:31","date_gmt":"2024-05-08T09:09:31","guid":{"rendered":"https:\/\/minka.es\/2024\/?page_id=28"},"modified":"2024-05-29T08:03:19","modified_gmt":"2024-05-29T08:03:19","slug":"politica-de-cookies","status":"publish","type":"page","link":"https:\/\/minka.es\/2024\/politica-de-cookies\/","title":{"rendered":"Pol\u00edtica de cookies"},"content":{"rendered":"<p>[et_pb_section fb_built=\u00bb1&#8243; _builder_version=\u00bb4.25.1&#8243; _module_preset=\u00bbdefault\u00bb background_color=\u00bb#fbfcd1&#8243; animation_style=\u00bbfade\u00bb hover_enabled=\u00bb0&#8243; global_colors_info=\u00bb{}\u00bb sticky_enabled=\u00bb0&#8243;][et_pb_row _builder_version=\u00bb4.23.1&#8243; _module_preset=\u00bbdefault\u00bb global_colors_info=\u00bb{}\u00bb][et_pb_column type=\u00bb4_4&#8243; _builder_version=\u00bb4.23.1&#8243; _module_preset=\u00bbdefault\u00bb global_colors_info=\u00bb{}\u00bb][et_pb_text _builder_version=\u00bb4.23.1&#8243; _module_preset=\u00bbdefault\u00bb global_colors_info=\u00bb{}\u00bb]<\/p>\n<h1 style=\"text-align: center;\">Pol\u00edtica de cookies<\/h1>\n<p>[\/et_pb_text][\/et_pb_column][\/et_pb_row][\/et_pb_section][et_pb_section fb_built=\u00bb1&#8243; _builder_version=\u00bb4.23.1&#8243; _module_preset=\u00bbdefault\u00bb global_colors_info=\u00bb{}\u00bb][et_pb_row _builder_version=\u00bb4.25.0&#8243; _module_preset=\u00bbdefault\u00bb animation_style=\u00bbflip\u00bb animation_direction=\u00bbtop\u00bb global_colors_info=\u00bb{}\u00bb][et_pb_column type=\u00bb4_4&#8243; _builder_version=\u00bb4.23.1&#8243; _module_preset=\u00bbdefault\u00bb global_colors_info=\u00bb{}\u00bb][et_pb_text _builder_version=\u00bb4.23.1&#8243; _module_preset=\u00bbdefault\u00bb global_colors_info=\u00bb{}\u00bb]<\/p>\n<p>En cumplimiento de la Ley 34\/2002, de 11 de julio, de Servicios de la Sociedad de la Informaci\u00f3n y Comercio Electr\u00f3nico le informamos de que este sitio web, al igual que la mayor\u00eda de los sitios en Internet, usa Cookies para mejorar y optimizar la experiencia del usuario. A continuaci\u00f3n encontrar\u00e1 informaci\u00f3n detallada sobre qu\u00e9 son las \u201cCookies\u201d, qu\u00e9 tipolog\u00eda utiliza este sitio web, c\u00f3mo cambiar la configuraci\u00f3n de sus cookies, y qu\u00e9 ocurre si deshabilita las Cookies.<\/p>\n<h2>1.-<span>\u00a0<\/span>\u00bfQu\u00e9 son las cookies?<\/h2>\n<p>Una cookie es un peque\u00f1o archivo que se descarga en el equipo del usuario con la finalidad de almacenar datos, los cuales podr\u00e1n ser actualizados y recuperados por la entidad responsable de su instalaci\u00f3n.<\/p>\n<h2>2.-<span>\u00a0<\/span>\u00bfC\u00f3mo puede configurar sus Cookies?<\/h2>\n<p>Al navegar y continuar en nuestro sitio web estar\u00e1 consintiendo el uso de las Cookies en las condiciones contenidas en la presente Pol\u00edtica de Cookies. Usted como usuario tiene la posibilidad de ejercer su derecho a bloquear, eliminar y rechazar el uso de Cookies, en todo momento, modificando las opciones de su navegador. Por ejemplo:<\/p>\n<ul>\n<li>Internet Explorer: Herramientas &gt; Opciones de Internet &gt; Privacidad &gt; Configuraci\u00f3n. Para m\u00e1s informaci\u00f3n, puede consultar el soporte de Microsoft o la Ayuda del navegador.<\/li>\n<li>Firefox: Herramientas &gt; Opciones &gt; Privacidad &gt; Historial &gt; Configuraci\u00f3n Personalizada. Para m\u00e1s informaci\u00f3n, puede consultar el soporte de Mozilla o la Ayuda del navegador.<\/li>\n<li>Chrome: Configuraci\u00f3n &gt; Mostrar opciones avanzadas &gt; Privacidad -&gt; Configuraci\u00f3n de contenido. Para m\u00e1s informaci\u00f3n, puede consultar el soporte de Google o la Ayuda del navegador.<\/li>\n<li>Safari: Preferencias &gt; Seguridad. Para m\u00e1s informaci\u00f3n, puede consultar el soporte de Apple o la Ayuda del navegador.<\/li>\n<li>Opera: Configuraci\u00f3n &gt; Opciones &gt; Avanzado &gt; Cookies Para m\u00e1s informaci\u00f3n, puede consultar el soporte de Opera o la Ayuda del navegador.<\/li>\n<\/ul>\n<p>Si usa otro navegador distinto a los anteriores, consulte su pol\u00edtica de instalaci\u00f3n, uso y bloqueo de cookies.<\/p>\n<p>&nbsp;<\/p>\n<h2>3.-<span>\u00a0<\/span>\u00bfQu\u00e9 tipos de cookies utiliza esta p\u00e1gina web?<\/h2>\n<ul>\n<li>Cookies de tercero: Son aqu\u00e9llas que se env\u00edan al equipo terminal del usuario desde un equipo o dominio que no es gestionado por el editor, sino por otra entidad que trata los datos obtenidos trav\u00e9s de las cookies.<\/li>\n<li>Cookies de sesi\u00f3n: Son un tipo de cookies dise\u00f1adas para recabar y almacenar datos mientras el usuario accede a una p\u00e1gina web. Son cookies temporales que permanecen en el archivo de cookies de su navegador hasta que abandone la p\u00e1gina web, por lo que ninguna queda registrada en el disco duro del usuario.<\/li>\n<li>Cookies de an\u00e1lisis: Son aqu\u00e9llas que bien tratadas por nosotros o por terceros, nos permiten cuantificar el n\u00famero de usuarios y as\u00ed realizar la medici\u00f3n y an\u00e1lisis estad\u00edstico de la utilizaci\u00f3n que hacen los usuarios del servicio ofertado. Para ello se analiza su navegaci\u00f3n en nuestra p\u00e1gina web con el fin de mejorar la oferta de productos o servicios que le ofrecemos.<\/li>\n<\/ul>\n<h2>4.-<span>\u00a0<\/span>\u00bfQu\u00e9 ocurre si se deshabilitan las Cookies?<\/h2>\n<p>Algunas funcionalidades de los Servicios y \u00e1reas de este sitio web podr\u00edan no funcionar correctamente si se deshabilitan las cookies.<\/p>\n<p>&nbsp;<\/p>\n<h2>5.-<span>\u00a0<\/span>\u00bfActualizamos nuestra Pol\u00edtica de Cookies?<\/h2>\n<p>Es posible que actualicemos la Pol\u00edtica de Cookies de nuestro p\u00e1gina web, por ello le recomendamos revisar esta pol\u00edtica cada vez que acceda a nuestro sitio web con el objetivo de estar adecuadamente informado sobre c\u00f3mo y para qu\u00e9 usamos las cookies.<\/p>\n<p>&nbsp;<\/p>\n<h3>Nuestras Cookies<\/h3>\n<p>Presentamos una breve descripci\u00f3n de las cookies que utilizamos para el buen funcionamiento de nuestra web:<\/p>\n<table class=\"cookielawinfo-row-cat-table cookielawinfo-classic\">\n<thead>\n<tr>\n<th class=\"cookielawinfo-column-1\">COOKIE<\/th>\n<th class=\"cookielawinfo-column-2\">TIPO<\/th>\n<th class=\"cookielawinfo-column-3\">DURACI\u00d3N<\/th>\n<th class=\"cookielawinfo-column-4\">DESCRIPCI\u00d3N<\/th>\n<\/tr>\n<\/thead>\n<tbody>\n<tr class=\"cookielawinfo-row\">\n<td class=\"cookielawinfo-column-1\">_gcl_au<\/td>\n<td class=\"cookielawinfo-column-2\"><span>ANAL\u00cdTICA<\/span><\/td>\n<td class=\"duration column-duration\" data-colname=\"Duraci\u00f3n\">3 meses<\/td>\n<td class=\"cookielawinfo-column-4\"><span>Proporcionado por Google Tag Manager para experimentar la eficiencia publicitaria de los sitios web que utilizan sus servicios.<\/span><\/td>\n<\/tr>\n<tr class=\"cookielawinfo-row\">\n<td class=\"cookielawinfo-column-1\">fr<\/td>\n<td class=\"cookielawinfo-column-2\"><span>PUBLICITARIA<\/span><\/td>\n<td class=\"cookielawinfo-column-3\"><span>3 meses<\/span><\/td>\n<td class=\"cookielawinfo-column-4\"><span>Facebook configura esta cookie para mostrar anuncios relevantes a los usuarios mediante el seguimiento del comportamiento del usuario en la web, en sitios que tienen el p\u00edxel de Facebook o el complemento social de Facebook.<\/span><\/td>\n<\/tr>\n<tr class=\"cookielawinfo-row\">\n<td class=\"cookielawinfo-column-1\">test_cookie<\/td>\n<td class=\"cookielawinfo-column-2\"><span>PUBLICITARIA<\/span><\/td>\n<td class=\"cookielawinfo-column-3\"><span>15 minutos<\/span><\/td>\n<td class=\"cookielawinfo-column-4\"><span>doubleclick.net establece test_cookie y se utiliza para determinar si el navegador del usuario admite cookies.<\/span><\/td>\n<\/tr>\n<tr class=\"cookielawinfo-row\">\n<td class=\"cookielawinfo-column-1\">_fbp<\/td>\n<td class=\"cookielawinfo-column-2\"><span>PUBLICITARIA<\/span><\/td>\n<td class=\"cookielawinfo-column-3\">3 meses<\/td>\n<td class=\"cookielawinfo-column-4\"><span>Esta cookie est\u00e1 configurada por Facebook para mostrar anuncios en Facebook o en una plataforma digital impulsada por publicidad de Facebook, despu\u00e9s de visitar el sitio web.<\/span><\/td>\n<\/tr>\n<tr class=\"cookielawinfo-row\">\n<td class=\"cookielawinfo-column-1\">cookielawinfo-checkbox-others<\/td>\n<td class=\"cookielawinfo-column-2\"><span>NECESARIAS<\/span><\/td>\n<td class=\"cookielawinfo-column-3\">1 A\u00f1o<\/td>\n<td class=\"cookielawinfo-column-4\"><span>Establecida por el complemento de consentimiento de cookies de GDPR, esta cookie se utiliza para almacenar el consentimiento del usuario para las cookies en la categor\u00eda \u00abOtros\u00bb.<\/span><\/td>\n<\/tr>\n<tr class=\"cookielawinfo-row\">\n<td class=\"cookielawinfo-column-1\">cookielawinfo-checkbox-advertisement<\/td>\n<td class=\"cookielawinfo-column-2\"><span>NECESARIAS<\/span><\/td>\n<td class=\"cookielawinfo-column-3\">1 A\u00f1o<\/td>\n<td class=\"cookielawinfo-column-4\"><span>Establecida por el complemento de consentimiento de cookies de GDPR, esta cookie se utiliza para registrar el consentimiento del usuario para las cookies en la categor\u00eda \u00abPublicidad\u00bb.<\/span><\/td>\n<\/tr>\n<tr class=\"cookielawinfo-row\">\n<td class=\"cookielawinfo-column-1\">cookielawinfo-checkbox-analytics<\/td>\n<td class=\"cookielawinfo-column-2\">NECESARIAS<\/td>\n<td class=\"cookielawinfo-column-3\">1 A\u00f1o<\/td>\n<td class=\"cookielawinfo-column-4\"><span>Establecida por el complemento de consentimiento de cookies de GDPR, esta cookie se utiliza para registrar el consentimiento del usuario para las cookies en la categor\u00eda \u00abAn\u00e1lisis\u00bb.<\/span><\/td>\n<\/tr>\n<tr class=\"cookielawinfo-row\">\n<td class=\"cookielawinfo-column-1\">cookielawinfo-checkbox-performance<\/td>\n<td class=\"cookielawinfo-column-2\">NECESARIAS<\/td>\n<td class=\"cookielawinfo-column-3\">1 A\u00f1o<\/td>\n<td class=\"cookielawinfo-column-4\">Esta cookie est\u00e1 configurada por el complemento de consentimiento de cookies de GDPR. La cookie se utiliza para almacenar el consentimiento del usuario para las cookies en la categor\u00eda \u00abRendimiento\u00bb.<\/td>\n<\/tr>\n<tr class=\"cookielawinfo-row\">\n<td class=\"cookielawinfo-column-1\">cookielawinfo-checkbox-functional<\/td>\n<td class=\"cookielawinfo-column-2\">NECESARIAS<\/td>\n<td class=\"cookielawinfo-column-3\">1 A\u00f1os<\/td>\n<td class=\"description column-description\" data-colname=\"Descripci\u00f3n\">La cookie est\u00e1 configurada por el complemento de consentimiento de cookies GDPR para registrar el consentimiento del usuario para las cookies en la categor\u00eda \u00abFuncional\u00bb.<\/td>\n<\/tr>\n<tr class=\"cookielawinfo-row\">\n<td class=\"cookielawinfo-column-1\">lang<\/td>\n<td class=\"cookielawinfo-column-2\">FUNCIONAL<\/td>\n<td class=\"cookielawinfo-column-3\">Sesi\u00f3n<\/td>\n<td class=\"cookielawinfo-column-4\">Esta cookie se utiliza para almacenar las preferencias de idioma de un usuario para ofrecer contenido en ese idioma almacenado la pr\u00f3xima vez que el usuario visite el sitio web.<\/td>\n<\/tr>\n<tr class=\"cookielawinfo-row\">\n<td class=\"cookielawinfo-column-1\">cookielawinfo-checkbox-non-necessary<\/td>\n<td class=\"cookielawinfo-column-2\">NECESARIAS<\/td>\n<td class=\"cookielawinfo-column-3\">1 a\u00f1o<\/td>\n<td class=\"cookielawinfo-column-4\"><span>Establecida por el complemento de consentimiento de cookies de GDPR, esta cookie se utiliza para registrar el consentimiento del usuario para las cookies en la categor\u00eda \u00abNo necesarias\u00bb.<\/span><\/td>\n<\/tr>\n<tr class=\"cookielawinfo-row\">\n<td class=\"cookielawinfo-column-1\">cookielawinfo-checkbox-necessary<\/td>\n<td class=\"cookielawinfo-column-2\">NECESARIAS<\/td>\n<td class=\"cookielawinfo-column-3\">\u00a01 a\u00f1o<\/td>\n<td class=\"cookielawinfo-column-4\"><span>Establecida por el complemento de consentimiento de cookies de GDPR, esta cookie se utiliza para registrar el consentimiento del usuario para las cookies en la categor\u00eda \u00abNecesario\u00bb.<\/span><\/td>\n<\/tr>\n<tr class=\"cookielawinfo-row\">\n<td class=\"cookielawinfo-column-1\">CookieLawInfoConsent<\/td>\n<td class=\"cookielawinfo-column-2\">NECESARIAS<\/td>\n<td class=\"cookielawinfo-column-3\">1 a\u00f1o<\/td>\n<td class=\"cookielawinfo-column-4\"><span>Registra el estado del bot\u00f3n predeterminado de la categor\u00eda correspondiente y el estado de CCPA. Funciona solo en coordinaci\u00f3n con la cookie principal.<\/span><\/td>\n<\/tr>\n<\/tbody>\n<\/table>\n<p>&nbsp;<\/p>\n<p>Para optar por darse de baja de Google Analytics, puede ir a https:\/\/tools.google.com\/dlpage\/gaoptout. Tenga en cuenta que si usted adquiere un nuevo ordenador, instala un nuevo navegador, o borra o altera de otro modo el archivo de cookies de su navegador (incluyendo la actualizaci\u00f3n de ciertos navegadores), esto tambi\u00e9n puede borrar la cookie de control de baja.<\/p>\n<p>&nbsp;<\/p>\n<p>&nbsp;<\/p>\n<h2>Aceptaci\u00f3n y cambios en esta pol\u00edtica de cookies<\/h2>\n<p>Es necesario que el Usuario haya le\u00eddo y est\u00e9 conforme con las condiciones sobre la protecci\u00f3n de datos de car\u00e1cter personal contenidas en esta Pol\u00edtica de Cookies, as\u00ed como que acepte el tratamiento de sus datos personales para que el Responsable del tratamiento pueda proceder al mismo en la forma, durante los plazos y para las finalidades indicadas. El uso del Sitio Web implicar\u00e1 la aceptaci\u00f3n de la Pol\u00edtica de Cookies.<\/p>\n<p>El sito web se reserva el derecho a modificar su Pol\u00edtica de Cookies, de acuerdo a su propio criterio, o motivado por un cambio legislativo, jurisprudencial o doctrinal de la Agencia Espa\u00f1ola de Protecci\u00f3n de Datos.<\/p>\n<p>[\/et_pb_text][\/et_pb_column][\/et_pb_row][\/et_pb_section]<\/p>\n","protected":false},"excerpt":{"rendered":"<p>Pol\u00edtica de cookiesEn cumplimiento de la Ley 34\/2002, de 11 de julio, de Servicios de la Sociedad de la Informaci\u00f3n y Comercio Electr\u00f3nico le informamos de que este sitio web, al igual que la mayor\u00eda de los sitios en Internet, usa Cookies para mejorar y optimizar la experiencia del usuario. A continuaci\u00f3n encontrar\u00e1 informaci\u00f3n detallada [&hellip;]<\/p>\n","protected":false},"author":1,"featured_media":0,"parent":0,"menu_order":0,"comment_status":"closed","ping_status":"closed","template":"","meta":{"_et_pb_use_builder":"on","_et_pb_old_content":"","_et_gb_content_width":"","footnotes":""},"class_list":["post-28","page","type-page","status-publish","hentry"],"_links":{"self":[{"href":"https:\/\/minka.es\/2024\/wp-json\/wp\/v2\/pages\/28","targetHints":{"allow":["GET"]}}],"collection":[{"href":"https:\/\/minka.es\/2024\/wp-json\/wp\/v2\/pages"}],"about":[{"href":"https:\/\/minka.es\/2024\/wp-json\/wp\/v2\/types\/page"}],"author":[{"embeddable":true,"href":"https:\/\/minka.es\/2024\/wp-json\/wp\/v2\/users\/1"}],"replies":[{"embeddable":true,"href":"https:\/\/minka.es\/2024\/wp-json\/wp\/v2\/comments?post=28"}],"version-history":[{"count":4,"href":"https:\/\/minka.es\/2024\/wp-json\/wp\/v2\/pages\/28\/revisions"}],"predecessor-version":[{"id":73,"href":"https:\/\/minka.es\/2024\/wp-json\/wp\/v2\/pages\/28\/revisions\/73"}],"wp:attachment":[{"href":"https:\/\/minka.es\/2024\/wp-json\/wp\/v2\/media?parent=28"}],"curies":[{"name":"wp","href":"https:\/\/api.w.org\/{rel}","templated":true}]}}